{"id":33,"date":"2022-12-29T12:59:31","date_gmt":"2022-12-29T12:59:31","guid":{"rendered":"https:\/\/urolog.glogow.pl\/?page_id=33"},"modified":"2024-03-04T22:57:16","modified_gmt":"2024-03-04T22:57:16","slug":"lekarz-jakub-ratajczak-specjalista-urolog-febu","status":"publish","type":"page","link":"https:\/\/urolog.glogow.pl\/","title":{"rendered":"Jakub Ratajczak, specjalista urolog, FEBU"},"content":{"rendered":"\n<p class=\"is-style-small-text has-dark-muted-color has-text-color has-large-font-size\">Dr n. med. Jakub Ratajczak<\/p>\n\n\n\n<h1 class=\"is-style-small-text has-medium-font-size\">lekarz &#8211; specjalista urolog<\/h1>\n\n\n\n<h2 class=\"is-style-small-text has-large-font-size\">Fellow of the European Board of Urology<\/h2>\n\n\n\n<hr class=\"wp-block-separator alignfull has-alpha-channel-opacity\"\/>\n\n\n\n<pre class=\"wp-block-verse\"><\/pre>\n\n\n\n<p class=\"is-style-small-text\">Wielospecjalistyczny Szpital w Nowej Soli<\/p>\n\n\n\n<p class=\"is-style-small-text\">Oddzia\u0142 Urologiczny z Pododdzia\u0142em Urologii Onkologicznej<\/p>\n\n\n\n<p>Nowa S\u00f3l, ul. Cha\u0142ubi\u0144skiego 7, pi\u0119tro III<\/p>\n\n\n\n<p>Sekretariat: 68 3882 220<\/p>\n\n\n\n<p class=\"is-style-small-text\"><strong>G\u0142og\u00f3w:<\/strong> Przychodnia Hipokrates<\/p>\n\n\n\n<p>G\u0142og\u00f3w, ul. Sikorskiego 19, tel. 76 833 40 34<\/p>\n\n\n\n<p class=\"is-style-small-text\">G\u0142og\u00f3w: intimed <\/p>\n\n\n\n<p class=\"is-style-default\">G\u0142og\u00f3w, ul. Kasztanowa 30, tel. 887 488 766<\/p>\n\n\n\n<p class=\"is-style-small-text\">ZIelona g\u00f3ra: AS-MED<\/p>\n\n\n\n<p>Zielona G\u00f3ra, ul. Zamkowa 4\/7, tel. 797 959 123<\/p>\n\n\n\n<p class=\"is-style-small-text\">LUBIN: Centrum Medyczne S\u0142oneczna (CDT Medicus)<\/p>\n\n\n\n<p>Lubin, ul. S\u0142oneczna 1, tel. 76 72 82 641, 785 707 107<\/p>\n","protected":false},"excerpt":{"rendered":"<p>Dr n. med. Jakub Ratajczak lekarz &#8211; specjalista urolog Fellow of the European Board of Urology Wielospecjalistyczny Szpital w Nowej Soli Oddzia\u0142 Urologiczny z Pododdzia\u0142em Urologii Onkologicznej Nowa S\u00f3l, ul. Cha\u0142ubi\u0144skiego 7, pi\u0119tro III Sekretariat: 68 3882 220 G\u0142og\u00f3w: Przychodnia Hipokrates G\u0142og\u00f3w, ul. Sikorskiego 19, tel. 76 833 40 34 G\u0142og\u00f3w: intimed G\u0142og\u00f3w, ul. Kasztanowa 30, tel. 887 488 766<span class=\"more-dots\">&#8230;<\/span> <span class=\"more-tag d-block mt-15 is-style-arrow\"><a class=\"more-link wp-block-button__link\" href=\"https:\/\/urolog.glogow.pl\/\">Czytaj wi\u0119cej...<span class=\"screen-reader-text\"> \"Jakub Ratajczak, specjalista urolog, FEBU\"<\/span><\/a><\/span><!-- .more-tag --><\/p>\n","protected":false},"author":1,"featured_media":0,"parent":0,"menu_order":0,"comment_status":"closed","ping_status":"closed","template":"","meta":[],"_links":{"self":[{"href":"https:\/\/urolog.glogow.pl\/index.php?rest_route=\/wp\/v2\/pages\/33"}],"collection":[{"href":"https:\/\/urolog.glogow.pl\/index.php?rest_route=\/wp\/v2\/pages"}],"about":[{"href":"https:\/\/urolog.glogow.pl\/index.php?rest_route=\/wp\/v2\/types\/page"}],"author":[{"embeddable":true,"href":"https:\/\/urolog.glogow.pl\/index.php?rest_route=\/wp\/v2\/users\/1"}],"replies":[{"embeddable":true,"href":"https:\/\/urolog.glogow.pl\/index.php?rest_route=%2Fwp%2Fv2%2Fcomments&post=33"}],"version-history":[{"count":21,"href":"https:\/\/urolog.glogow.pl\/index.php?rest_route=\/wp\/v2\/pages\/33\/revisions"}],"predecessor-version":[{"id":75,"href":"https:\/\/urolog.glogow.pl\/index.php?rest_route=\/wp\/v2\/pages\/33\/revisions\/75"}],"wp:attachment":[{"href":"https:\/\/urolog.glogow.pl\/index.php?rest_route=%2Fwp%2Fv2%2Fmedia&parent=33"}],"curies":[{"name":"wp","href":"https:\/\/api.w.org\/{rel}","templated":true}]}}